{"id":722,"date":"2023-12-04T14:11:29","date_gmt":"2023-12-04T14:11:29","guid":{"rendered":"http:\/\/poczujkobiecamoc.pl\/?post_type=product&#038;p=722"},"modified":"2024-12-10T07:41:00","modified_gmt":"2024-12-10T07:41:00","slug":"poczuj-kobieca-moc-2024","status":"publish","type":"product","link":"https:\/\/poczujkobiecamoc.pl\/?product=poczuj-kobieca-moc-2024","title":{"rendered":"Poczuj kobiec\u0105 moc 2024"},"content":{"rendered":"<p><strong>2.03.2024 HOTEL HILTON<\/strong>\u00a0 ul. Grzybowska 63, <strong>Warszawa<\/strong><\/p>\n<p>&nbsp;<\/p>\n<h4>Zapraszamy Ci\u0119 na wyj\u0105tkowe spotkanie z kobietami i m\u0119\u017cczyzn\u0105, kt\u00f3rzy maj\u0105 moc i daj\u0105 moc. Dziel\u0105 si\u0119 wspania\u0142\u0105 energi\u0105, si\u0142\u0105, nadziej\u0105, kt\u00f3ra pozwala pewnie kroczy\u0107 ka\u017cdego dnia.<\/h4>\n<p>&nbsp;<\/p>\n<p><strong>Agnieszka Cegielska,<\/strong><br \/>\n<strong>Ewelina St\u0119pnicka,<\/strong><br \/>\n<strong>Marianka Gierszewska,<\/strong><br \/>\n<strong>Ma\u0142gosia Mostowska,<\/strong><br \/>\n<strong>Dr Dorota Helim &#8211; Sobkowiak,<\/strong><br \/>\n<strong>Filip Cembala<\/strong><\/p>\n<p>&nbsp;<\/p>\n<p><strong>zabior\u0105 Ci\u0119 w pi\u0119kn\u0105 podr\u00f3\u017c w stron\u0119 szcz\u0119\u015bliwego i spe\u0142nionego \u017cycia.<\/strong><\/p>\n<p>&nbsp;<\/p>\n<p>&nbsp;<\/p>\n<p>Wszystkie r\u00f3\u017cnimy si\u0119 od siebie. Pochodzimy z innych dom\u00f3w, mamy r\u00f3\u017cne zainteresowania, pasje. Jest jednak co\u015b, co nas \u0142\u0105czy. <strong>Pragnienie szcz\u0119\u015bcia, mi\u0142o\u015bci i spe\u0142nienia<\/strong>. Nasz kongres jest w\u0142a\u015bnie po to, aby\u015b poczu\u0142a, \u017ce <strong>szcz\u0119\u015bcie, mi\u0142o\u015b\u0107 i spe\u0142nienie<\/strong> jest w Twoim zasi\u0119gu, w Twoich r\u0119kach i my\u015blach. Jeste\u015bmy po to, \u017ceby pom\u00f3c Ci, zrobi\u0107 Tw\u00f3j pierwszy krok ku lepszemu \u017cyciu.<\/p>\n<p>W poprzednich edycjach przekona\u0142y\u015bmy si\u0119 wszystkie, co to znaczy MOC KOBIET. Jest to si\u0142a nie do zatrzymania, nie do pokonania. Nasza wsp\u00f3lnota i \u015bwiadomo\u015b\u0107 bycia razem dodaje skrzyde\u0142, aby\u015bmy wszystkie poczu\u0142y, \u017ce mo\u017cemy wznie\u015b\u0107 si\u0119 tak wysoko jak ponios\u0105 nas nasze pragnienia i marzenia.<\/p>\n<p><strong>B\u0105d\u017a z nami i POCZUJ KOBIEC\u0104 MOC.<\/strong><\/p>\n","protected":false},"excerpt":{"rendered":"<p>2.03.2024 HOTEL HILTON\u00a0 ul. Grzybowska 63, Warszawa &nbsp; Zapraszamy Ci\u0119 na wyj\u0105tkowe spotkanie z kobietami i m\u0119\u017cczyzn\u0105, kt\u00f3rzy maj\u0105 moc i daj\u0105 moc. Dziel\u0105 si\u0119 wspania\u0142\u0105 energi\u0105, si\u0142\u0105, nadziej\u0105, kt\u00f3ra pozwala pewnie kroczy\u0107 ka\u017cdego dnia. &nbsp; Agnieszka Cegielska, Ewelina St\u0119pnicka, Marianka Gierszewska, Ma\u0142gosia Mostowska, Dr Dorota Helim &#8211; Sobkowiak, Filip Cembala &nbsp; zabior\u0105 Ci\u0119 w [&hellip;]<\/p>\n","protected":false},"featured_media":879,"comment_status":"open","ping_status":"closed","template":"","meta":{"inline_featured_image":false},"product_cat":[16],"product_tag":[],"class_list":{"0":"post-722","1":"product","2":"type-product","3":"status-publish","4":"has-post-thumbnail","6":"product_cat-uncategorized","8":"first","9":"instock","10":"shipping-taxable","11":"product-type-variable"},"acf":[],"yoast_head":"<!-- This site is optimized with the Yoast SEO plugin v20.0 - https:\/\/yoast.com\/wordpress\/plugins\/seo\/ -->\n<title>Poczuj kobiec\u0105 moc 2024 - poczujkobiecamoc<\/title>\n<meta name=\"robots\" content=\"index, follow, max-snippet:-1, max-image-preview:large, max-video-preview:-1\" \/>\n<link rel=\"canonical\" href=\"http:\/\/poczujkobiecamoc.pl\/?product=poczuj-kobieca-moc-2024\" \/>\n<meta property=\"og:locale\" content=\"pl_PL\" \/>\n<meta property=\"og:type\" content=\"article\" \/>\n<meta property=\"og:title\" content=\"Poczuj kobiec\u0105 moc 2024 - poczujkobiecamoc\" \/>\n<meta property=\"og:description\" content=\"2.03.2024 HOTEL HILTON\u00a0 ul. Grzybowska 63, Warszawa &nbsp; Zapraszamy Ci\u0119 na wyj\u0105tkowe spotkanie z kobietami i m\u0119\u017cczyzn\u0105, kt\u00f3rzy maj\u0105 moc i daj\u0105 moc. Dziel\u0105 si\u0119 wspania\u0142\u0105 energi\u0105, si\u0142\u0105, nadziej\u0105, kt\u00f3ra pozwala pewnie kroczy\u0107 ka\u017cdego dnia. &nbsp; Agnieszka Cegielska, Ewelina St\u0119pnicka, Marianka Gierszewska, Ma\u0142gosia Mostowska, Dr Dorota Helim &#8211; Sobkowiak, Filip Cembala &nbsp; zabior\u0105 Ci\u0119 w [&hellip;]\" \/>\n<meta property=\"og:url\" content=\"http:\/\/poczujkobiecamoc.pl\/?product=poczuj-kobieca-moc-2024\" \/>\n<meta property=\"og:site_name\" content=\"poczujkobiecamoc\" \/>\n<meta property=\"article:modified_time\" content=\"2024-12-10T07:41:00+00:00\" \/>\n<meta property=\"og:image\" content=\"http:\/\/poczujkobiecamoc.pl\/wp-content\/uploads\/2024\/12\/3-Prelegentki-www-799x1024-1.jpg\" \/>\n\t<meta property=\"og:image:width\" content=\"799\" \/>\n\t<meta property=\"og:image:height\" content=\"1024\" \/>\n\t<meta property=\"og:image:type\" content=\"image\/jpeg\" \/>\n<meta name=\"twitter:card\" content=\"summary_large_image\" \/>\n<meta name=\"twitter:label1\" content=\"Szacowany czas czytania\" \/>\n\t<meta name=\"twitter:data1\" content=\"2 minuty\" \/>\n<script type=\"application\/ld+json\" class=\"yoast-schema-graph\">{\"@context\":\"https:\/\/schema.org\",\"@graph\":[{\"@type\":\"WebPage\",\"@id\":\"http:\/\/poczujkobiecamoc.pl\/?product=poczuj-kobieca-moc-2024\",\"url\":\"http:\/\/poczujkobiecamoc.pl\/?product=poczuj-kobieca-moc-2024\",\"name\":\"Poczuj kobiec\u0105 moc 2024 - poczujkobiecamoc\",\"isPartOf\":{\"@id\":\"https:\/\/poczujkobiecamoc.pl\/#website\"},\"datePublished\":\"2023-12-04T14:11:29+00:00\",\"dateModified\":\"2024-12-10T07:41:00+00:00\",\"breadcrumb\":{\"@id\":\"http:\/\/poczujkobiecamoc.pl\/?product=poczuj-kobieca-moc-2024#breadcrumb\"},\"inLanguage\":\"pl-PL\",\"potentialAction\":[{\"@type\":\"ReadAction\",\"target\":[\"http:\/\/poczujkobiecamoc.pl\/?product=poczuj-kobieca-moc-2024\"]}]},{\"@type\":\"BreadcrumbList\",\"@id\":\"http:\/\/poczujkobiecamoc.pl\/?product=poczuj-kobieca-moc-2024#breadcrumb\",\"itemListElement\":[{\"@type\":\"ListItem\",\"position\":1,\"name\":\"Strona g\u0142\u00f3wna\",\"item\":\"https:\/\/poczujkobiecamoc.pl\/\"},{\"@type\":\"ListItem\",\"position\":2,\"name\":\"Shop\",\"item\":\"http:\/\/poczujkobiecamoc.pl\/?page_id=31\"},{\"@type\":\"ListItem\",\"position\":3,\"name\":\"Poczuj kobiec\u0105 moc 2024\"}]},{\"@type\":\"WebSite\",\"@id\":\"https:\/\/poczujkobiecamoc.pl\/#website\",\"url\":\"https:\/\/poczujkobiecamoc.pl\/\",\"name\":\"Poczuj kobiec\u0105 moc\",\"description\":\"\",\"publisher\":{\"@id\":\"https:\/\/poczujkobiecamoc.pl\/#organization\"},\"potentialAction\":[{\"@type\":\"SearchAction\",\"target\":{\"@type\":\"EntryPoint\",\"urlTemplate\":\"https:\/\/poczujkobiecamoc.pl\/?s={search_term_string}\"},\"query-input\":\"required name=search_term_string\"}],\"inLanguage\":\"pl-PL\"},{\"@type\":\"Organization\",\"@id\":\"https:\/\/poczujkobiecamoc.pl\/#organization\",\"name\":\"Poczuj kobiec\u0105 moc\",\"url\":\"https:\/\/poczujkobiecamoc.pl\/\",\"logo\":{\"@type\":\"ImageObject\",\"inLanguage\":\"pl-PL\",\"@id\":\"https:\/\/poczujkobiecamoc.pl\/#\/schema\/logo\/image\/\",\"url\":\"http:\/\/poczujkobiecamoc.pl\/wp-content\/uploads\/2023\/01\/logo.svg\",\"contentUrl\":\"http:\/\/poczujkobiecamoc.pl\/wp-content\/uploads\/2023\/01\/logo.svg\",\"width\":168,\"height\":24,\"caption\":\"Poczuj kobiec\u0105 moc\"},\"image\":{\"@id\":\"https:\/\/poczujkobiecamoc.pl\/#\/schema\/logo\/image\/\"}}]}<\/script>\n<!-- \/ Yoast SEO plugin. -->","yoast_head_json":{"title":"Poczuj kobiec\u0105 moc 2024 - poczujkobiecamoc","robots":{"index":"index","follow":"follow","max-snippet":"max-snippet:-1","max-image-preview":"max-image-preview:large","max-video-preview":"max-video-preview:-1"},"canonical":"http:\/\/poczujkobiecamoc.pl\/?product=poczuj-kobieca-moc-2024","og_locale":"pl_PL","og_type":"article","og_title":"Poczuj kobiec\u0105 moc 2024 - poczujkobiecamoc","og_description":"2.03.2024 HOTEL HILTON\u00a0 ul. Grzybowska 63, Warszawa &nbsp; Zapraszamy Ci\u0119 na wyj\u0105tkowe spotkanie z kobietami i m\u0119\u017cczyzn\u0105, kt\u00f3rzy maj\u0105 moc i daj\u0105 moc. Dziel\u0105 si\u0119 wspania\u0142\u0105 energi\u0105, si\u0142\u0105, nadziej\u0105, kt\u00f3ra pozwala pewnie kroczy\u0107 ka\u017cdego dnia. &nbsp; Agnieszka Cegielska, Ewelina St\u0119pnicka, Marianka Gierszewska, Ma\u0142gosia Mostowska, Dr Dorota Helim &#8211; Sobkowiak, Filip Cembala &nbsp; zabior\u0105 Ci\u0119 w [&hellip;]","og_url":"http:\/\/poczujkobiecamoc.pl\/?product=poczuj-kobieca-moc-2024","og_site_name":"poczujkobiecamoc","article_modified_time":"2024-12-10T07:41:00+00:00","og_image":[{"width":799,"height":1024,"url":"http:\/\/poczujkobiecamoc.pl\/wp-content\/uploads\/2024\/12\/3-Prelegentki-www-799x1024-1.jpg","type":"image\/jpeg"}],"twitter_card":"summary_large_image","twitter_misc":{"Szacowany czas czytania":"2 minuty"},"schema":{"@context":"https:\/\/schema.org","@graph":[{"@type":"WebPage","@id":"http:\/\/poczujkobiecamoc.pl\/?product=poczuj-kobieca-moc-2024","url":"http:\/\/poczujkobiecamoc.pl\/?product=poczuj-kobieca-moc-2024","name":"Poczuj kobiec\u0105 moc 2024 - poczujkobiecamoc","isPartOf":{"@id":"https:\/\/poczujkobiecamoc.pl\/#website"},"datePublished":"2023-12-04T14:11:29+00:00","dateModified":"2024-12-10T07:41:00+00:00","breadcrumb":{"@id":"http:\/\/poczujkobiecamoc.pl\/?product=poczuj-kobieca-moc-2024#breadcrumb"},"inLanguage":"pl-PL","potentialAction":[{"@type":"ReadAction","target":["http:\/\/poczujkobiecamoc.pl\/?product=poczuj-kobieca-moc-2024"]}]},{"@type":"BreadcrumbList","@id":"http:\/\/poczujkobiecamoc.pl\/?product=poczuj-kobieca-moc-2024#breadcrumb","itemListElement":[{"@type":"ListItem","position":1,"name":"Strona g\u0142\u00f3wna","item":"https:\/\/poczujkobiecamoc.pl\/"},{"@type":"ListItem","position":2,"name":"Shop","item":"http:\/\/poczujkobiecamoc.pl\/?page_id=31"},{"@type":"ListItem","position":3,"name":"Poczuj kobiec\u0105 moc 2024"}]},{"@type":"WebSite","@id":"https:\/\/poczujkobiecamoc.pl\/#website","url":"https:\/\/poczujkobiecamoc.pl\/","name":"Poczuj kobiec\u0105 moc","description":"","publisher":{"@id":"https:\/\/poczujkobiecamoc.pl\/#organization"},"potentialAction":[{"@type":"SearchAction","target":{"@type":"EntryPoint","urlTemplate":"https:\/\/poczujkobiecamoc.pl\/?s={search_term_string}"},"query-input":"required name=search_term_string"}],"inLanguage":"pl-PL"},{"@type":"Organization","@id":"https:\/\/poczujkobiecamoc.pl\/#organization","name":"Poczuj kobiec\u0105 moc","url":"https:\/\/poczujkobiecamoc.pl\/","logo":{"@type":"ImageObject","inLanguage":"pl-PL","@id":"https:\/\/poczujkobiecamoc.pl\/#\/schema\/logo\/image\/","url":"http:\/\/poczujkobiecamoc.pl\/wp-content\/uploads\/2023\/01\/logo.svg","contentUrl":"http:\/\/poczujkobiecamoc.pl\/wp-content\/uploads\/2023\/01\/logo.svg","width":168,"height":24,"caption":"Poczuj kobiec\u0105 moc"},"image":{"@id":"https:\/\/poczujkobiecamoc.pl\/#\/schema\/logo\/image\/"}}]}},"_links":{"self":[{"href":"https:\/\/poczujkobiecamoc.pl\/index.php?rest_route=\/wp\/v2\/product\/722","targetHints":{"allow":["GET"]}}],"collection":[{"href":"https:\/\/poczujkobiecamoc.pl\/index.php?rest_route=\/wp\/v2\/product"}],"about":[{"href":"https:\/\/poczujkobiecamoc.pl\/index.php?rest_route=\/wp\/v2\/types\/product"}],"replies":[{"embeddable":true,"href":"https:\/\/poczujkobiecamoc.pl\/index.php?rest_route=%2Fwp%2Fv2%2Fcomments&post=722"}],"wp:featuredmedia":[{"embeddable":true,"href":"https:\/\/poczujkobiecamoc.pl\/index.php?rest_route=\/wp\/v2\/media\/879"}],"wp:attachment":[{"href":"https:\/\/poczujkobiecamoc.pl\/index.php?rest_route=%2Fwp%2Fv2%2Fmedia&parent=722"}],"wp:term":[{"taxonomy":"product_cat","embeddable":true,"href":"https:\/\/poczujkobiecamoc.pl\/index.php?rest_route=%2Fwp%2Fv2%2Fproduct_cat&post=722"},{"taxonomy":"product_tag","embeddable":true,"href":"https:\/\/poczujkobiecamoc.pl\/index.php?rest_route=%2Fwp%2Fv2%2Fproduct_tag&post=722"}],"curies":[{"name":"wp","href":"https:\/\/api.w.org\/{rel}","templated":true}]}}