{"id":489,"date":"2023-04-12T11:17:16","date_gmt":"2023-04-12T11:17:16","guid":{"rendered":"http:\/\/poczujkobiecamoc.pl\/?post_type=product&#038;p=489"},"modified":"2023-12-12T08:13:59","modified_gmt":"2023-12-12T08:13:59","slug":"6-lekcji-o-milosci","status":"publish","type":"product","link":"https:\/\/poczujkobiecamoc.pl\/?product=6-lekcji-o-milosci","title":{"rendered":"6 lekcji o mi\u0142o\u015bci"},"content":{"rendered":"<p>13.05.2023 <strong>HOTEL HILTON<\/strong>\u00a0 ul. Grzybowska 63, <strong>Warszawa<\/strong><\/p>\n<p>&nbsp;<\/p>\n<h4>Zapraszamy Ci\u0119 na wyj\u0105tkowe spotkanie z kobietami, kt\u00f3re <strong>maj\u0105 moc i daj\u0105 moc.<\/strong> Dziel\u0105 si\u0119 wspania\u0142\u0105 <strong>energi\u0105, si\u0142\u0105, nadziej\u0105, kt\u00f3ra pozwala pewnie kroczy\u0107 w przysz\u0142o\u015b\u0107.<\/strong><\/h4>\n<p>&nbsp;<\/p>\n<p><strong>Agnieszka Maci\u0105g,<\/strong><br \/>\n<strong>Agnieszka Cegielska,<\/strong><br \/>\n<strong>Ewelina St\u0119pnicka,<\/strong><br \/>\n<strong>Marianka Gierszewska,<\/strong><br \/>\n<strong>Ma\u0142gosia Mostowska,<\/strong><br \/>\n<strong>Maria Prokop<\/strong><\/p>\n<p>&nbsp;<\/p>\n<p>zabior\u0105 Ci\u0119 w pi\u0119kn\u0105 podr\u00f3\u017c \u015bcie\u017ckami <strong>MI\u0141O\u015aCI<\/strong>.<\/p>\n<p>&nbsp;<\/p>\n<p>To mi\u0142o\u015b\u0107 w\u0142a\u015bnie daje nam energi\u0119 do \u017cycia. Mi\u0142o\u015b\u0107 pozwala akceptowa\u0107 i szanowa\u0107 samego siebie. Z czu\u0142o\u015bci\u0105 docenia\u0107 swoje cia\u0142o, poszukiwa\u0107 pasji, kocha\u0107 \u017cycie. Mi\u0142o\u015b\u0107 to podstawa, aby kocha\u0107 drugiego cz\u0142owieka i z czu\u0142o\u015bci\u0105 patrze\u0107 na \u015bwiat, kt\u00f3ry nas otacza.<\/p>\n<p><strong>B\u0105d\u017a z nami i poczuj na nowo pot\u0119g\u0119 s\u0142owa MI\u0141O\u015a\u0106.<\/strong><\/p>\n","protected":false},"excerpt":{"rendered":"<p>13.05.2023 HOTEL HILTON\u00a0 ul. Grzybowska 63, Warszawa &nbsp; Zapraszamy Ci\u0119 na wyj\u0105tkowe spotkanie z kobietami, kt\u00f3re maj\u0105 moc i daj\u0105 moc. Dziel\u0105 si\u0119 wspania\u0142\u0105 energi\u0105, si\u0142\u0105, nadziej\u0105, kt\u00f3ra pozwala pewnie kroczy\u0107 w przysz\u0142o\u015b\u0107. &nbsp; Agnieszka Maci\u0105g, Agnieszka Cegielska, Ewelina St\u0119pnicka, Marianka Gierszewska, Ma\u0142gosia Mostowska, Maria Prokop &nbsp; zabior\u0105 Ci\u0119 w pi\u0119kn\u0105 podr\u00f3\u017c \u015bcie\u017ckami MI\u0141O\u015aCI. &nbsp; [&hellip;]<\/p>\n","protected":false},"featured_media":532,"comment_status":"open","ping_status":"closed","template":"","meta":{"inline_featured_image":false},"product_cat":[16],"product_tag":[],"class_list":{"0":"post-489","1":"product","2":"type-product","3":"status-publish","4":"has-post-thumbnail","6":"product_cat-uncategorized","8":"first","9":"instock","10":"shipping-taxable","11":"product-type-variable"},"acf":[],"yoast_head":"<!-- This site is optimized with the Yoast SEO plugin v20.0 - https:\/\/yoast.com\/wordpress\/plugins\/seo\/ -->\n<title>6 lekcji o mi\u0142o\u015bci - poczujkobiecamoc<\/title>\n<meta name=\"robots\" content=\"index, follow, max-snippet:-1, max-image-preview:large, max-video-preview:-1\" \/>\n<link rel=\"canonical\" href=\"http:\/\/poczujkobiecamoc.pl\/?product=6-lekcji-o-milosci\" \/>\n<meta property=\"og:locale\" content=\"pl_PL\" \/>\n<meta property=\"og:type\" content=\"article\" \/>\n<meta property=\"og:title\" content=\"6 lekcji o mi\u0142o\u015bci - poczujkobiecamoc\" \/>\n<meta property=\"og:description\" content=\"13.05.2023 HOTEL HILTON\u00a0 ul. Grzybowska 63, Warszawa &nbsp; Zapraszamy Ci\u0119 na wyj\u0105tkowe spotkanie z kobietami, kt\u00f3re maj\u0105 moc i daj\u0105 moc. Dziel\u0105 si\u0119 wspania\u0142\u0105 energi\u0105, si\u0142\u0105, nadziej\u0105, kt\u00f3ra pozwala pewnie kroczy\u0107 w przysz\u0142o\u015b\u0107. &nbsp; Agnieszka Maci\u0105g, Agnieszka Cegielska, Ewelina St\u0119pnicka, Marianka Gierszewska, Ma\u0142gosia Mostowska, Maria Prokop &nbsp; zabior\u0105 Ci\u0119 w pi\u0119kn\u0105 podr\u00f3\u017c \u015bcie\u017ckami MI\u0141O\u015aCI. &nbsp; [&hellip;]\" \/>\n<meta property=\"og:url\" content=\"http:\/\/poczujkobiecamoc.pl\/?product=6-lekcji-o-milosci\" \/>\n<meta property=\"og:site_name\" content=\"poczujkobiecamoc\" \/>\n<meta property=\"article:modified_time\" content=\"2023-12-12T08:13:59+00:00\" \/>\n<meta property=\"og:image\" content=\"http:\/\/poczujkobiecamoc.pl\/wp-content\/uploads\/2023\/04\/FIN-Prelegentki-www-2-799x1024.jpg\" \/>\n\t<meta property=\"og:image:width\" content=\"799\" \/>\n\t<meta property=\"og:image:height\" content=\"1024\" \/>\n\t<meta property=\"og:image:type\" content=\"image\/jpeg\" \/>\n<meta name=\"twitter:card\" content=\"summary_large_image\" \/>\n<meta name=\"twitter:label1\" content=\"Szacowany czas czytania\" \/>\n\t<meta name=\"twitter:data1\" content=\"1 minuta\" \/>\n<script type=\"application\/ld+json\" class=\"yoast-schema-graph\">{\"@context\":\"https:\/\/schema.org\",\"@graph\":[{\"@type\":\"WebPage\",\"@id\":\"http:\/\/poczujkobiecamoc.pl\/?product=6-lekcji-o-milosci\",\"url\":\"http:\/\/poczujkobiecamoc.pl\/?product=6-lekcji-o-milosci\",\"name\":\"6 lekcji o mi\u0142o\u015bci - poczujkobiecamoc\",\"isPartOf\":{\"@id\":\"https:\/\/poczujkobiecamoc.pl\/#website\"},\"datePublished\":\"2023-04-12T11:17:16+00:00\",\"dateModified\":\"2023-12-12T08:13:59+00:00\",\"breadcrumb\":{\"@id\":\"http:\/\/poczujkobiecamoc.pl\/?product=6-lekcji-o-milosci#breadcrumb\"},\"inLanguage\":\"pl-PL\",\"potentialAction\":[{\"@type\":\"ReadAction\",\"target\":[\"http:\/\/poczujkobiecamoc.pl\/?product=6-lekcji-o-milosci\"]}]},{\"@type\":\"BreadcrumbList\",\"@id\":\"http:\/\/poczujkobiecamoc.pl\/?product=6-lekcji-o-milosci#breadcrumb\",\"itemListElement\":[{\"@type\":\"ListItem\",\"position\":1,\"name\":\"Strona g\u0142\u00f3wna\",\"item\":\"https:\/\/poczujkobiecamoc.pl\/\"},{\"@type\":\"ListItem\",\"position\":2,\"name\":\"Shop\",\"item\":\"http:\/\/poczujkobiecamoc.pl\/?page_id=31\"},{\"@type\":\"ListItem\",\"position\":3,\"name\":\"6 lekcji o mi\u0142o\u015bci\"}]},{\"@type\":\"WebSite\",\"@id\":\"https:\/\/poczujkobiecamoc.pl\/#website\",\"url\":\"https:\/\/poczujkobiecamoc.pl\/\",\"name\":\"Poczuj kobiec\u0105 moc\",\"description\":\"\",\"publisher\":{\"@id\":\"https:\/\/poczujkobiecamoc.pl\/#organization\"},\"potentialAction\":[{\"@type\":\"SearchAction\",\"target\":{\"@type\":\"EntryPoint\",\"urlTemplate\":\"https:\/\/poczujkobiecamoc.pl\/?s={search_term_string}\"},\"query-input\":\"required name=search_term_string\"}],\"inLanguage\":\"pl-PL\"},{\"@type\":\"Organization\",\"@id\":\"https:\/\/poczujkobiecamoc.pl\/#organization\",\"name\":\"Poczuj kobiec\u0105 moc\",\"url\":\"https:\/\/poczujkobiecamoc.pl\/\",\"logo\":{\"@type\":\"ImageObject\",\"inLanguage\":\"pl-PL\",\"@id\":\"https:\/\/poczujkobiecamoc.pl\/#\/schema\/logo\/image\/\",\"url\":\"http:\/\/poczujkobiecamoc.pl\/wp-content\/uploads\/2023\/01\/logo.svg\",\"contentUrl\":\"http:\/\/poczujkobiecamoc.pl\/wp-content\/uploads\/2023\/01\/logo.svg\",\"width\":168,\"height\":24,\"caption\":\"Poczuj kobiec\u0105 moc\"},\"image\":{\"@id\":\"https:\/\/poczujkobiecamoc.pl\/#\/schema\/logo\/image\/\"}}]}<\/script>\n<!-- \/ Yoast SEO plugin. -->","yoast_head_json":{"title":"6 lekcji o mi\u0142o\u015bci - poczujkobiecamoc","robots":{"index":"index","follow":"follow","max-snippet":"max-snippet:-1","max-image-preview":"max-image-preview:large","max-video-preview":"max-video-preview:-1"},"canonical":"http:\/\/poczujkobiecamoc.pl\/?product=6-lekcji-o-milosci","og_locale":"pl_PL","og_type":"article","og_title":"6 lekcji o mi\u0142o\u015bci - poczujkobiecamoc","og_description":"13.05.2023 HOTEL HILTON\u00a0 ul. Grzybowska 63, Warszawa &nbsp; Zapraszamy Ci\u0119 na wyj\u0105tkowe spotkanie z kobietami, kt\u00f3re maj\u0105 moc i daj\u0105 moc. Dziel\u0105 si\u0119 wspania\u0142\u0105 energi\u0105, si\u0142\u0105, nadziej\u0105, kt\u00f3ra pozwala pewnie kroczy\u0107 w przysz\u0142o\u015b\u0107. &nbsp; Agnieszka Maci\u0105g, Agnieszka Cegielska, Ewelina St\u0119pnicka, Marianka Gierszewska, Ma\u0142gosia Mostowska, Maria Prokop &nbsp; zabior\u0105 Ci\u0119 w pi\u0119kn\u0105 podr\u00f3\u017c \u015bcie\u017ckami MI\u0141O\u015aCI. &nbsp; [&hellip;]","og_url":"http:\/\/poczujkobiecamoc.pl\/?product=6-lekcji-o-milosci","og_site_name":"poczujkobiecamoc","article_modified_time":"2023-12-12T08:13:59+00:00","og_image":[{"width":799,"height":1024,"url":"http:\/\/poczujkobiecamoc.pl\/wp-content\/uploads\/2023\/04\/FIN-Prelegentki-www-2-799x1024.jpg","type":"image\/jpeg"}],"twitter_card":"summary_large_image","twitter_misc":{"Szacowany czas czytania":"1 minuta"},"schema":{"@context":"https:\/\/schema.org","@graph":[{"@type":"WebPage","@id":"http:\/\/poczujkobiecamoc.pl\/?product=6-lekcji-o-milosci","url":"http:\/\/poczujkobiecamoc.pl\/?product=6-lekcji-o-milosci","name":"6 lekcji o mi\u0142o\u015bci - poczujkobiecamoc","isPartOf":{"@id":"https:\/\/poczujkobiecamoc.pl\/#website"},"datePublished":"2023-04-12T11:17:16+00:00","dateModified":"2023-12-12T08:13:59+00:00","breadcrumb":{"@id":"http:\/\/poczujkobiecamoc.pl\/?product=6-lekcji-o-milosci#breadcrumb"},"inLanguage":"pl-PL","potentialAction":[{"@type":"ReadAction","target":["http:\/\/poczujkobiecamoc.pl\/?product=6-lekcji-o-milosci"]}]},{"@type":"BreadcrumbList","@id":"http:\/\/poczujkobiecamoc.pl\/?product=6-lekcji-o-milosci#breadcrumb","itemListElement":[{"@type":"ListItem","position":1,"name":"Strona g\u0142\u00f3wna","item":"https:\/\/poczujkobiecamoc.pl\/"},{"@type":"ListItem","position":2,"name":"Shop","item":"http:\/\/poczujkobiecamoc.pl\/?page_id=31"},{"@type":"ListItem","position":3,"name":"6 lekcji o mi\u0142o\u015bci"}]},{"@type":"WebSite","@id":"https:\/\/poczujkobiecamoc.pl\/#website","url":"https:\/\/poczujkobiecamoc.pl\/","name":"Poczuj kobiec\u0105 moc","description":"","publisher":{"@id":"https:\/\/poczujkobiecamoc.pl\/#organization"},"potentialAction":[{"@type":"SearchAction","target":{"@type":"EntryPoint","urlTemplate":"https:\/\/poczujkobiecamoc.pl\/?s={search_term_string}"},"query-input":"required name=search_term_string"}],"inLanguage":"pl-PL"},{"@type":"Organization","@id":"https:\/\/poczujkobiecamoc.pl\/#organization","name":"Poczuj kobiec\u0105 moc","url":"https:\/\/poczujkobiecamoc.pl\/","logo":{"@type":"ImageObject","inLanguage":"pl-PL","@id":"https:\/\/poczujkobiecamoc.pl\/#\/schema\/logo\/image\/","url":"http:\/\/poczujkobiecamoc.pl\/wp-content\/uploads\/2023\/01\/logo.svg","contentUrl":"http:\/\/poczujkobiecamoc.pl\/wp-content\/uploads\/2023\/01\/logo.svg","width":168,"height":24,"caption":"Poczuj kobiec\u0105 moc"},"image":{"@id":"https:\/\/poczujkobiecamoc.pl\/#\/schema\/logo\/image\/"}}]}},"_links":{"self":[{"href":"https:\/\/poczujkobiecamoc.pl\/index.php?rest_route=\/wp\/v2\/product\/489","targetHints":{"allow":["GET"]}}],"collection":[{"href":"https:\/\/poczujkobiecamoc.pl\/index.php?rest_route=\/wp\/v2\/product"}],"about":[{"href":"https:\/\/poczujkobiecamoc.pl\/index.php?rest_route=\/wp\/v2\/types\/product"}],"replies":[{"embeddable":true,"href":"https:\/\/poczujkobiecamoc.pl\/index.php?rest_route=%2Fwp%2Fv2%2Fcomments&post=489"}],"wp:featuredmedia":[{"embeddable":true,"href":"https:\/\/poczujkobiecamoc.pl\/index.php?rest_route=\/wp\/v2\/media\/532"}],"wp:attachment":[{"href":"https:\/\/poczujkobiecamoc.pl\/index.php?rest_route=%2Fwp%2Fv2%2Fmedia&parent=489"}],"wp:term":[{"taxonomy":"product_cat","embeddable":true,"href":"https:\/\/poczujkobiecamoc.pl\/index.php?rest_route=%2Fwp%2Fv2%2Fproduct_cat&post=489"},{"taxonomy":"product_tag","embeddable":true,"href":"https:\/\/poczujkobiecamoc.pl\/index.php?rest_route=%2Fwp%2Fv2%2Fproduct_tag&post=489"}],"curies":[{"name":"wp","href":"https:\/\/api.w.org\/{rel}","templated":true}]}}