{"id":235,"date":"2023-01-09T13:22:47","date_gmt":"2023-01-09T13:22:47","guid":{"rendered":"http:\/\/poczujkobiecamoc.local\/?post_type=product&#038;p=46"},"modified":"2023-12-12T08:16:17","modified_gmt":"2023-12-12T08:16:17","slug":"poczuj-kobieca-moc","status":"publish","type":"product","link":"https:\/\/poczujkobiecamoc.pl\/?product=poczuj-kobieca-moc","title":{"rendered":"Poczuj kobiec\u0105 moc"},"content":{"rendered":"<p><strong>18.03.2023\u00a0 Hotel Hilton\u00a0<\/strong><\/p>\n<p><strong> ul. Grzybowska 63,\u00a0 <\/strong><strong>Warszawa<\/strong><\/p>\n<p>&nbsp;<\/p>\n<p>Zapraszamy Ci\u0119 na wyj\u0105tkowe spotkanie z kobietami, kt\u00f3re <strong>maj\u0105 moc<\/strong>. Moc zara\u017cania wspania\u0142\u0105 <strong>energi\u0105, si\u0142\u0105, nadziej\u0105 i m\u0105dro\u015bci\u0105 \u017cyciowych wybor\u00f3w.<\/strong><br \/>\nTen dzie\u0144 b\u0119dzie pi\u0119kn\u0105 podr\u00f3\u017c\u0105 w g\u0142\u0105b samej siebie, odnalezieniem potrzeb swojego serca.<br \/>\nSpotkaj si\u0119 podczas niepowtarzalnych wyk\u0142ad\u00f3w z:<\/p>\n<p>&nbsp;<\/p>\n<p><strong>Agnieszk\u0105 Maci\u0105g,<\/strong><br \/>\n<strong>Aid\u0105 Kosojan- Przybysz,<\/strong><br \/>\n<strong>Agnieszk\u0105 Cegielsk\u0105,<\/strong><br \/>\n<strong>Anet\u0105 Hregorowicz-Gorlo,<\/strong><br \/>\n<strong>Beat\u0105 Sadowsk\u0105. <\/strong><\/p>\n","protected":false},"excerpt":{"rendered":"<p>18.03.2023\u00a0 Hotel Hilton\u00a0 ul. Grzybowska 63,\u00a0 Warszawa &nbsp; Zapraszamy Ci\u0119 na wyj\u0105tkowe spotkanie z kobietami, kt\u00f3re maj\u0105 moc. Moc zara\u017cania wspania\u0142\u0105 energi\u0105, si\u0142\u0105, nadziej\u0105 i m\u0105dro\u015bci\u0105 \u017cyciowych wybor\u00f3w. Ten dzie\u0144 b\u0119dzie pi\u0119kn\u0105 podr\u00f3\u017c\u0105 w g\u0142\u0105b samej siebie, odnalezieniem potrzeb swojego serca. Spotkaj si\u0119 podczas niepowtarzalnych wyk\u0142ad\u00f3w z: &nbsp; Agnieszk\u0105 Maci\u0105g, Aid\u0105 Kosojan- Przybysz, Agnieszk\u0105 Cegielsk\u0105, [&hellip;]<\/p>\n","protected":false},"featured_media":741,"comment_status":"open","ping_status":"closed","template":"","meta":{"inline_featured_image":false},"product_cat":[16],"product_tag":[],"class_list":{"0":"post-235","1":"product","2":"type-product","3":"status-publish","4":"has-post-thumbnail","6":"product_cat-uncategorized","8":"first","9":"instock","10":"shipping-taxable","11":"purchasable","12":"product-type-variable"},"acf":[],"yoast_head":"<!-- This site is optimized with the Yoast SEO plugin v20.0 - https:\/\/yoast.com\/wordpress\/plugins\/seo\/ -->\n<title>Poczuj kobiec\u0105 moc - poczujkobiecamoc<\/title>\n<meta name=\"robots\" content=\"index, follow, max-snippet:-1, max-image-preview:large, max-video-preview:-1\" \/>\n<link rel=\"canonical\" href=\"http:\/\/poczujkobiecamoc.pl\/?product=poczuj-kobieca-moc\" \/>\n<meta property=\"og:locale\" content=\"pl_PL\" \/>\n<meta property=\"og:type\" content=\"article\" \/>\n<meta property=\"og:title\" content=\"Poczuj kobiec\u0105 moc - poczujkobiecamoc\" \/>\n<meta property=\"og:description\" content=\"18.03.2023\u00a0 Hotel Hilton\u00a0 ul. Grzybowska 63,\u00a0 Warszawa &nbsp; Zapraszamy Ci\u0119 na wyj\u0105tkowe spotkanie z kobietami, kt\u00f3re maj\u0105 moc. Moc zara\u017cania wspania\u0142\u0105 energi\u0105, si\u0142\u0105, nadziej\u0105 i m\u0105dro\u015bci\u0105 \u017cyciowych wybor\u00f3w. Ten dzie\u0144 b\u0119dzie pi\u0119kn\u0105 podr\u00f3\u017c\u0105 w g\u0142\u0105b samej siebie, odnalezieniem potrzeb swojego serca. Spotkaj si\u0119 podczas niepowtarzalnych wyk\u0142ad\u00f3w z: &nbsp; Agnieszk\u0105 Maci\u0105g, Aid\u0105 Kosojan- Przybysz, Agnieszk\u0105 Cegielsk\u0105, [&hellip;]\" \/>\n<meta property=\"og:url\" content=\"http:\/\/poczujkobiecamoc.pl\/?product=poczuj-kobieca-moc\" \/>\n<meta property=\"og:site_name\" content=\"poczujkobiecamoc\" \/>\n<meta property=\"article:modified_time\" content=\"2023-12-12T08:16:17+00:00\" \/>\n<meta property=\"og:image\" content=\"http:\/\/poczujkobiecamoc.pl\/wp-content\/uploads\/2023\/01\/hero-event3-1.jpg\" \/>\n\t<meta property=\"og:image:width\" content=\"521\" \/>\n\t<meta property=\"og:image:height\" content=\"673\" \/>\n\t<meta property=\"og:image:type\" content=\"image\/jpeg\" \/>\n<meta name=\"twitter:card\" content=\"summary_large_image\" \/>\n<meta name=\"twitter:label1\" content=\"Szacowany czas czytania\" \/>\n\t<meta name=\"twitter:data1\" content=\"1 minuta\" \/>\n<script type=\"application\/ld+json\" class=\"yoast-schema-graph\">{\"@context\":\"https:\/\/schema.org\",\"@graph\":[{\"@type\":\"WebPage\",\"@id\":\"http:\/\/poczujkobiecamoc.pl\/?product=poczuj-kobieca-moc\",\"url\":\"http:\/\/poczujkobiecamoc.pl\/?product=poczuj-kobieca-moc\",\"name\":\"Poczuj kobiec\u0105 moc - poczujkobiecamoc\",\"isPartOf\":{\"@id\":\"https:\/\/poczujkobiecamoc.pl\/#website\"},\"datePublished\":\"2023-01-09T13:22:47+00:00\",\"dateModified\":\"2023-12-12T08:16:17+00:00\",\"breadcrumb\":{\"@id\":\"http:\/\/poczujkobiecamoc.pl\/?product=poczuj-kobieca-moc#breadcrumb\"},\"inLanguage\":\"pl-PL\",\"potentialAction\":[{\"@type\":\"ReadAction\",\"target\":[\"http:\/\/poczujkobiecamoc.pl\/?product=poczuj-kobieca-moc\"]}]},{\"@type\":\"BreadcrumbList\",\"@id\":\"http:\/\/poczujkobiecamoc.pl\/?product=poczuj-kobieca-moc#breadcrumb\",\"itemListElement\":[{\"@type\":\"ListItem\",\"position\":1,\"name\":\"Strona g\u0142\u00f3wna\",\"item\":\"https:\/\/poczujkobiecamoc.pl\/\"},{\"@type\":\"ListItem\",\"position\":2,\"name\":\"Shop\",\"item\":\"http:\/\/poczujkobiecamoc.pl\/?page_id=31\"},{\"@type\":\"ListItem\",\"position\":3,\"name\":\"Poczuj kobiec\u0105 moc\"}]},{\"@type\":\"WebSite\",\"@id\":\"https:\/\/poczujkobiecamoc.pl\/#website\",\"url\":\"https:\/\/poczujkobiecamoc.pl\/\",\"name\":\"Poczuj kobiec\u0105 moc\",\"description\":\"\",\"publisher\":{\"@id\":\"https:\/\/poczujkobiecamoc.pl\/#organization\"},\"potentialAction\":[{\"@type\":\"SearchAction\",\"target\":{\"@type\":\"EntryPoint\",\"urlTemplate\":\"https:\/\/poczujkobiecamoc.pl\/?s={search_term_string}\"},\"query-input\":\"required name=search_term_string\"}],\"inLanguage\":\"pl-PL\"},{\"@type\":\"Organization\",\"@id\":\"https:\/\/poczujkobiecamoc.pl\/#organization\",\"name\":\"Poczuj kobiec\u0105 moc\",\"url\":\"https:\/\/poczujkobiecamoc.pl\/\",\"logo\":{\"@type\":\"ImageObject\",\"inLanguage\":\"pl-PL\",\"@id\":\"https:\/\/poczujkobiecamoc.pl\/#\/schema\/logo\/image\/\",\"url\":\"http:\/\/poczujkobiecamoc.pl\/wp-content\/uploads\/2023\/01\/logo.svg\",\"contentUrl\":\"http:\/\/poczujkobiecamoc.pl\/wp-content\/uploads\/2023\/01\/logo.svg\",\"width\":168,\"height\":24,\"caption\":\"Poczuj kobiec\u0105 moc\"},\"image\":{\"@id\":\"https:\/\/poczujkobiecamoc.pl\/#\/schema\/logo\/image\/\"}}]}<\/script>\n<!-- \/ Yoast SEO plugin. -->","yoast_head_json":{"title":"Poczuj kobiec\u0105 moc - poczujkobiecamoc","robots":{"index":"index","follow":"follow","max-snippet":"max-snippet:-1","max-image-preview":"max-image-preview:large","max-video-preview":"max-video-preview:-1"},"canonical":"http:\/\/poczujkobiecamoc.pl\/?product=poczuj-kobieca-moc","og_locale":"pl_PL","og_type":"article","og_title":"Poczuj kobiec\u0105 moc - poczujkobiecamoc","og_description":"18.03.2023\u00a0 Hotel Hilton\u00a0 ul. Grzybowska 63,\u00a0 Warszawa &nbsp; Zapraszamy Ci\u0119 na wyj\u0105tkowe spotkanie z kobietami, kt\u00f3re maj\u0105 moc. Moc zara\u017cania wspania\u0142\u0105 energi\u0105, si\u0142\u0105, nadziej\u0105 i m\u0105dro\u015bci\u0105 \u017cyciowych wybor\u00f3w. Ten dzie\u0144 b\u0119dzie pi\u0119kn\u0105 podr\u00f3\u017c\u0105 w g\u0142\u0105b samej siebie, odnalezieniem potrzeb swojego serca. Spotkaj si\u0119 podczas niepowtarzalnych wyk\u0142ad\u00f3w z: &nbsp; Agnieszk\u0105 Maci\u0105g, Aid\u0105 Kosojan- Przybysz, Agnieszk\u0105 Cegielsk\u0105, [&hellip;]","og_url":"http:\/\/poczujkobiecamoc.pl\/?product=poczuj-kobieca-moc","og_site_name":"poczujkobiecamoc","article_modified_time":"2023-12-12T08:16:17+00:00","og_image":[{"width":521,"height":673,"url":"http:\/\/poczujkobiecamoc.pl\/wp-content\/uploads\/2023\/01\/hero-event3-1.jpg","type":"image\/jpeg"}],"twitter_card":"summary_large_image","twitter_misc":{"Szacowany czas czytania":"1 minuta"},"schema":{"@context":"https:\/\/schema.org","@graph":[{"@type":"WebPage","@id":"http:\/\/poczujkobiecamoc.pl\/?product=poczuj-kobieca-moc","url":"http:\/\/poczujkobiecamoc.pl\/?product=poczuj-kobieca-moc","name":"Poczuj kobiec\u0105 moc - poczujkobiecamoc","isPartOf":{"@id":"https:\/\/poczujkobiecamoc.pl\/#website"},"datePublished":"2023-01-09T13:22:47+00:00","dateModified":"2023-12-12T08:16:17+00:00","breadcrumb":{"@id":"http:\/\/poczujkobiecamoc.pl\/?product=poczuj-kobieca-moc#breadcrumb"},"inLanguage":"pl-PL","potentialAction":[{"@type":"ReadAction","target":["http:\/\/poczujkobiecamoc.pl\/?product=poczuj-kobieca-moc"]}]},{"@type":"BreadcrumbList","@id":"http:\/\/poczujkobiecamoc.pl\/?product=poczuj-kobieca-moc#breadcrumb","itemListElement":[{"@type":"ListItem","position":1,"name":"Strona g\u0142\u00f3wna","item":"https:\/\/poczujkobiecamoc.pl\/"},{"@type":"ListItem","position":2,"name":"Shop","item":"http:\/\/poczujkobiecamoc.pl\/?page_id=31"},{"@type":"ListItem","position":3,"name":"Poczuj kobiec\u0105 moc"}]},{"@type":"WebSite","@id":"https:\/\/poczujkobiecamoc.pl\/#website","url":"https:\/\/poczujkobiecamoc.pl\/","name":"Poczuj kobiec\u0105 moc","description":"","publisher":{"@id":"https:\/\/poczujkobiecamoc.pl\/#organization"},"potentialAction":[{"@type":"SearchAction","target":{"@type":"EntryPoint","urlTemplate":"https:\/\/poczujkobiecamoc.pl\/?s={search_term_string}"},"query-input":"required name=search_term_string"}],"inLanguage":"pl-PL"},{"@type":"Organization","@id":"https:\/\/poczujkobiecamoc.pl\/#organization","name":"Poczuj kobiec\u0105 moc","url":"https:\/\/poczujkobiecamoc.pl\/","logo":{"@type":"ImageObject","inLanguage":"pl-PL","@id":"https:\/\/poczujkobiecamoc.pl\/#\/schema\/logo\/image\/","url":"http:\/\/poczujkobiecamoc.pl\/wp-content\/uploads\/2023\/01\/logo.svg","contentUrl":"http:\/\/poczujkobiecamoc.pl\/wp-content\/uploads\/2023\/01\/logo.svg","width":168,"height":24,"caption":"Poczuj kobiec\u0105 moc"},"image":{"@id":"https:\/\/poczujkobiecamoc.pl\/#\/schema\/logo\/image\/"}}]}},"_links":{"self":[{"href":"https:\/\/poczujkobiecamoc.pl\/index.php?rest_route=\/wp\/v2\/product\/235","targetHints":{"allow":["GET"]}}],"collection":[{"href":"https:\/\/poczujkobiecamoc.pl\/index.php?rest_route=\/wp\/v2\/product"}],"about":[{"href":"https:\/\/poczujkobiecamoc.pl\/index.php?rest_route=\/wp\/v2\/types\/product"}],"replies":[{"embeddable":true,"href":"https:\/\/poczujkobiecamoc.pl\/index.php?rest_route=%2Fwp%2Fv2%2Fcomments&post=235"}],"wp:featuredmedia":[{"embeddable":true,"href":"https:\/\/poczujkobiecamoc.pl\/index.php?rest_route=\/wp\/v2\/media\/741"}],"wp:attachment":[{"href":"https:\/\/poczujkobiecamoc.pl\/index.php?rest_route=%2Fwp%2Fv2%2Fmedia&parent=235"}],"wp:term":[{"taxonomy":"product_cat","embeddable":true,"href":"https:\/\/poczujkobiecamoc.pl\/index.php?rest_route=%2Fwp%2Fv2%2Fproduct_cat&post=235"},{"taxonomy":"product_tag","embeddable":true,"href":"https:\/\/poczujkobiecamoc.pl\/index.php?rest_route=%2Fwp%2Fv2%2Fproduct_tag&post=235"}],"curies":[{"name":"wp","href":"https:\/\/api.w.org\/{rel}","templated":true}]}}