{"id":5,"date":"2023-01-05T14:32:45","date_gmt":"2023-01-05T14:32:45","guid":{"rendered":"http:\/\/poczujkobiecamoc.pl\/?page_id=5"},"modified":"2025-03-05T17:24:59","modified_gmt":"2025-03-05T17:24:59","slug":"home","status":"publish","type":"page","link":"https:\/\/poczujkobiecamoc.pl\/","title":{"rendered":"Home"},"content":{"rendered":"","protected":false},"excerpt":{"rendered":"","protected":false},"author":1,"featured_media":277,"parent":0,"menu_order":0,"comment_status":"closed","ping_status":"closed","template":"page-templates\/flexible-content.php","meta":{"inline_featured_image":false,"footnotes":""},"class_list":["post-5","page","type-page","status-publish","has-post-thumbnail","hentry"],"acf":[],"yoast_head":"<!-- This site is optimized with the Yoast SEO plugin v20.0 - https:\/\/yoast.com\/wordpress\/plugins\/seo\/ -->\n<title>Poczuj kobiec\u0105 moc<\/title>\n<meta name=\"description\" content=\"Poczuj kobiec\u0105 moc - Zapraszamy Ci\u0119 na wyj\u0105tkowe spotkanie z kobietami, kt\u00f3re maj\u0105 moc. Moc zara\u017cania wspania\u0142\u0105 energi\u0105.\" \/>\n<meta name=\"robots\" content=\"index, follow, max-snippet:-1, max-image-preview:large, max-video-preview:-1\" \/>\n<link rel=\"canonical\" href=\"https:\/\/poczujkobiecamoc.pl\/\" \/>\n<meta property=\"og:locale\" content=\"pl_PL\" \/>\n<meta property=\"og:type\" content=\"article\" \/>\n<meta property=\"og:title\" content=\"Poczuj kobiec\u0105 moc\" \/>\n<meta property=\"og:description\" content=\"Poczuj kobiec\u0105 moc - Zapraszamy Ci\u0119 na wyj\u0105tkowe spotkanie z kobietami, kt\u00f3re maj\u0105 moc. Moc zara\u017cania wspania\u0142\u0105 energi\u0105.\" \/>\n<meta property=\"og:url\" content=\"https:\/\/poczujkobiecamoc.pl\/\" \/>\n<meta property=\"og:site_name\" content=\"poczujkobiecamoc\" \/>\n<meta property=\"article:modified_time\" content=\"2025-03-05T17:24:59+00:00\" \/>\n<meta property=\"og:image\" content=\"https:\/\/poczujkobiecamoc.pl\/wp-content\/uploads\/2023\/01\/foto_1920x1080.jpg\" \/>\n\t<meta property=\"og:image:width\" content=\"1920\" \/>\n\t<meta property=\"og:image:height\" content=\"1080\" \/>\n\t<meta property=\"og:image:type\" content=\"image\/jpeg\" \/>\n<meta name=\"twitter:card\" content=\"summary_large_image\" \/>\n<script type=\"application\/ld+json\" class=\"yoast-schema-graph\">{\"@context\":\"https:\/\/schema.org\",\"@graph\":[{\"@type\":\"WebPage\",\"@id\":\"https:\/\/poczujkobiecamoc.pl\/\",\"url\":\"https:\/\/poczujkobiecamoc.pl\/\",\"name\":\"Poczuj kobiec\u0105 moc\",\"isPartOf\":{\"@id\":\"https:\/\/poczujkobiecamoc.pl\/#website\"},\"datePublished\":\"2023-01-05T14:32:45+00:00\",\"dateModified\":\"2025-03-05T17:24:59+00:00\",\"description\":\"Poczuj kobiec\u0105 moc - Zapraszamy Ci\u0119 na wyj\u0105tkowe spotkanie z kobietami, kt\u00f3re maj\u0105 moc. Moc zara\u017cania wspania\u0142\u0105 energi\u0105.\",\"breadcrumb\":{\"@id\":\"https:\/\/poczujkobiecamoc.pl\/#breadcrumb\"},\"inLanguage\":\"pl-PL\",\"potentialAction\":[{\"@type\":\"ReadAction\",\"target\":[\"https:\/\/poczujkobiecamoc.pl\/\"]}]},{\"@type\":\"BreadcrumbList\",\"@id\":\"https:\/\/poczujkobiecamoc.pl\/#breadcrumb\",\"itemListElement\":[{\"@type\":\"ListItem\",\"position\":1,\"name\":\"Strona g\u0142\u00f3wna\",\"item\":\"https:\/\/poczujkobiecamoc.pl\/\"},{\"@type\":\"ListItem\",\"position\":2,\"name\":\"Home\"}]},{\"@type\":\"WebSite\",\"@id\":\"https:\/\/poczujkobiecamoc.pl\/#website\",\"url\":\"https:\/\/poczujkobiecamoc.pl\/\",\"name\":\"Poczuj kobiec\u0105 moc\",\"description\":\"\",\"publisher\":{\"@id\":\"https:\/\/poczujkobiecamoc.pl\/#organization\"},\"potentialAction\":[{\"@type\":\"SearchAction\",\"target\":{\"@type\":\"EntryPoint\",\"urlTemplate\":\"https:\/\/poczujkobiecamoc.pl\/?s={search_term_string}\"},\"query-input\":\"required name=search_term_string\"}],\"inLanguage\":\"pl-PL\"},{\"@type\":\"Organization\",\"@id\":\"https:\/\/poczujkobiecamoc.pl\/#organization\",\"name\":\"Poczuj kobiec\u0105 moc\",\"url\":\"https:\/\/poczujkobiecamoc.pl\/\",\"logo\":{\"@type\":\"ImageObject\",\"inLanguage\":\"pl-PL\",\"@id\":\"https:\/\/poczujkobiecamoc.pl\/#\/schema\/logo\/image\/\",\"url\":\"http:\/\/poczujkobiecamoc.pl\/wp-content\/uploads\/2023\/01\/logo.svg\",\"contentUrl\":\"http:\/\/poczujkobiecamoc.pl\/wp-content\/uploads\/2023\/01\/logo.svg\",\"width\":168,\"height\":24,\"caption\":\"Poczuj kobiec\u0105 moc\"},\"image\":{\"@id\":\"https:\/\/poczujkobiecamoc.pl\/#\/schema\/logo\/image\/\"}}]}<\/script>\n<!-- \/ Yoast SEO plugin. -->","yoast_head_json":{"title":"Poczuj kobiec\u0105 moc","description":"Poczuj kobiec\u0105 moc - Zapraszamy Ci\u0119 na wyj\u0105tkowe spotkanie z kobietami, kt\u00f3re maj\u0105 moc. Moc zara\u017cania wspania\u0142\u0105 energi\u0105.","robots":{"index":"index","follow":"follow","max-snippet":"max-snippet:-1","max-image-preview":"max-image-preview:large","max-video-preview":"max-video-preview:-1"},"canonical":"https:\/\/poczujkobiecamoc.pl\/","og_locale":"pl_PL","og_type":"article","og_title":"Poczuj kobiec\u0105 moc","og_description":"Poczuj kobiec\u0105 moc - Zapraszamy Ci\u0119 na wyj\u0105tkowe spotkanie z kobietami, kt\u00f3re maj\u0105 moc. Moc zara\u017cania wspania\u0142\u0105 energi\u0105.","og_url":"https:\/\/poczujkobiecamoc.pl\/","og_site_name":"poczujkobiecamoc","article_modified_time":"2025-03-05T17:24:59+00:00","og_image":[{"width":1920,"height":1080,"url":"https:\/\/poczujkobiecamoc.pl\/wp-content\/uploads\/2023\/01\/foto_1920x1080.jpg","type":"image\/jpeg"}],"twitter_card":"summary_large_image","schema":{"@context":"https:\/\/schema.org","@graph":[{"@type":"WebPage","@id":"https:\/\/poczujkobiecamoc.pl\/","url":"https:\/\/poczujkobiecamoc.pl\/","name":"Poczuj kobiec\u0105 moc","isPartOf":{"@id":"https:\/\/poczujkobiecamoc.pl\/#website"},"datePublished":"2023-01-05T14:32:45+00:00","dateModified":"2025-03-05T17:24:59+00:00","description":"Poczuj kobiec\u0105 moc - Zapraszamy Ci\u0119 na wyj\u0105tkowe spotkanie z kobietami, kt\u00f3re maj\u0105 moc. Moc zara\u017cania wspania\u0142\u0105 energi\u0105.","breadcrumb":{"@id":"https:\/\/poczujkobiecamoc.pl\/#breadcrumb"},"inLanguage":"pl-PL","potentialAction":[{"@type":"ReadAction","target":["https:\/\/poczujkobiecamoc.pl\/"]}]},{"@type":"BreadcrumbList","@id":"https:\/\/poczujkobiecamoc.pl\/#breadcrumb","itemListElement":[{"@type":"ListItem","position":1,"name":"Strona g\u0142\u00f3wna","item":"https:\/\/poczujkobiecamoc.pl\/"},{"@type":"ListItem","position":2,"name":"Home"}]},{"@type":"WebSite","@id":"https:\/\/poczujkobiecamoc.pl\/#website","url":"https:\/\/poczujkobiecamoc.pl\/","name":"Poczuj kobiec\u0105 moc","description":"","publisher":{"@id":"https:\/\/poczujkobiecamoc.pl\/#organization"},"potentialAction":[{"@type":"SearchAction","target":{"@type":"EntryPoint","urlTemplate":"https:\/\/poczujkobiecamoc.pl\/?s={search_term_string}"},"query-input":"required name=search_term_string"}],"inLanguage":"pl-PL"},{"@type":"Organization","@id":"https:\/\/poczujkobiecamoc.pl\/#organization","name":"Poczuj kobiec\u0105 moc","url":"https:\/\/poczujkobiecamoc.pl\/","logo":{"@type":"ImageObject","inLanguage":"pl-PL","@id":"https:\/\/poczujkobiecamoc.pl\/#\/schema\/logo\/image\/","url":"http:\/\/poczujkobiecamoc.pl\/wp-content\/uploads\/2023\/01\/logo.svg","contentUrl":"http:\/\/poczujkobiecamoc.pl\/wp-content\/uploads\/2023\/01\/logo.svg","width":168,"height":24,"caption":"Poczuj kobiec\u0105 moc"},"image":{"@id":"https:\/\/poczujkobiecamoc.pl\/#\/schema\/logo\/image\/"}}]}},"_links":{"self":[{"href":"https:\/\/poczujkobiecamoc.pl\/index.php?rest_route=\/wp\/v2\/pages\/5","targetHints":{"allow":["GET"]}}],"collection":[{"href":"https:\/\/poczujkobiecamoc.pl\/index.php?rest_route=\/wp\/v2\/pages"}],"about":[{"href":"https:\/\/poczujkobiecamoc.pl\/index.php?rest_route=\/wp\/v2\/types\/page"}],"author":[{"embeddable":true,"href":"https:\/\/poczujkobiecamoc.pl\/index.php?rest_route=\/wp\/v2\/users\/1"}],"replies":[{"embeddable":true,"href":"https:\/\/poczujkobiecamoc.pl\/index.php?rest_route=%2Fwp%2Fv2%2Fcomments&post=5"}],"version-history":[{"count":131,"href":"https:\/\/poczujkobiecamoc.pl\/index.php?rest_route=\/wp\/v2\/pages\/5\/revisions"}],"predecessor-version":[{"id":1007,"href":"https:\/\/poczujkobiecamoc.pl\/index.php?rest_route=\/wp\/v2\/pages\/5\/revisions\/1007"}],"wp:featuredmedia":[{"embeddable":true,"href":"https:\/\/poczujkobiecamoc.pl\/index.php?rest_route=\/wp\/v2\/media\/277"}],"wp:attachment":[{"href":"https:\/\/poczujkobiecamoc.pl\/index.php?rest_route=%2Fwp%2Fv2%2Fmedia&parent=5"}],"curies":[{"name":"wp","href":"https:\/\/api.w.org\/{rel}","templated":true}]}}